{"id":34,"date":"2020-01-29T16:18:52","date_gmt":"2020-01-29T15:18:52","guid":{"rendered":"https:\/\/physiofordogs.de\/?page_id=34"},"modified":"2022-08-17T12:20:19","modified_gmt":"2022-08-17T10:20:19","slug":"ueber-mich","status":"publish","type":"page","link":"https:\/\/www.physiofordogs.de\/?page_id=34","title":{"rendered":"\u00fcber mich"},"content":{"rendered":"<div data-colibri-id=\"34-c1\" class=\"style-651 style-local-34-c1 position-relative\">\n  <!---->\n  <div data-colibri-component=\"section\" data-colibri-id=\"34-c2\" id=\"about\" class=\"h-section h-section-global-spacing d-flex align-items-lg-center align-items-md-center align-items-end style-652 style-local-34-c2 h-overflow-hidden position-relative\">\n    <div class=\"background-wrapper\">\n      <div class=\"background-layer background-layer-media-container-lg\">\n        <!---->\n        <div class=\"overlay-layer\">\n          <div class=\"overlay-image-layer\" style=\"background-image: linear-gradient(90deg, rgb(255, 255, 255) 55%, rgba(255, 255, 255, 0.5) 100%);\"><\/div>\n        <\/div>\n      <\/div>\n      <div class=\"background-layer background-layer-media-container-md\">\n        <!---->\n        <div class=\"overlay-layer\">\n          <div class=\"overlay-image-layer\" style=\"background-image: linear-gradient(90deg, rgb(255, 255, 255) 55%, rgba(255, 255, 255, 0.5) 100%);\"><\/div>\n        <\/div>\n      <\/div>\n      <div class=\"background-layer background-layer-media-container\">\n        <!---->\n        <div class=\"overlay-layer\">\n          <div class=\"overlay-image-layer\" style=\"background-image: linear-gradient(90deg, rgb(255, 255, 255) 55%, rgba(255, 255, 255, 0.5) 100%);\"><\/div>\n        <\/div>\n      <\/div>\n    <\/div>\n    <!---->\n    <div class=\"h-section-grid-container h-section-boxed-container\">\n      <!---->\n      <div data-colibri-id=\"34-c3\" class=\"h-row-container gutters-row-lg-0 gutters-row-md-0 gutters-row-2 gutters-row-v-lg-0 gutters-row-v-md-0 gutters-row-v-0 style-653 style-local-34-c3 position-relative\">\n        <!---->\n        <div class=\"h-row justify-content-lg-start justify-content-md-start justify-content-center align-items-lg-stretch align-items-md-stretch align-items-stretch gutters-col-lg-0 gutters-col-md-0 gutters-col-2 gutters-col-v-lg-0 gutters-col-v-md-0 gutters-col-v-0\">\n          <!---->\n          <div class=\"h-column h-column-container d-flex h-col-lg-auto h-col-md-auto h-col-auto style-654-outer style-local-34-c4-outer\">\n            <div data-colibri-id=\"34-c4\" class=\"d-flex h-flex-basis h-column__inner h-px-lg-2 h-px-md-2 h-px-0 v-inner-lg-2 v-inner-md-2 v-inner-0 style-654 style-local-34-c4 position-relative\">\n              <!---->\n              <!---->\n              <div class=\"w-100 h-y-container h-column__content h-column__v-align flex-basis-100 align-self-lg-end align-self-md-end align-self-end\">\n                <!---->\n                <div data-colibri-id=\"34-c5\" class=\"h-global-transition-all h-heading style-655 style-local-34-c5 position-relative h-element\">\n                  <!---->\n                  <div class=\"h-heading__outer style-655 style-local-34-c5\">\n                    <!---->\n                    <!---->\n                    <h2 class=\"\">\u00dcber mich<\/h2>\n                  <\/div>\n                <\/div>\n                <div data-colibri-id=\"34-c6\" class=\"h-text h-text-component style-656 style-local-34-c6 position-relative h-element\">\n                  <!---->\n                  <!---->\n                  <div class=\"\">\n                    <p>Mein Name ist Janika Czernia. Seit Ende 2019, nach erfolgreich abgeschlossenen Pr\u00fcfungen, darf ich mich Tierphysiotherapeutin und Chiropraktikerin nennen. Beide Ausbildungen habe ich mit der Spezialisierung Hund an der ATM \u2013 Akademie\n                      f\u00fcr Tiernaturheilkunde &#8211; absolviert.<\/p>\n                  <\/div>\n                <\/div>\n              <\/div>\n            <\/div>\n          <\/div>\n        <\/div>\n      <\/div>\n    <\/div>\n  <\/div>\n  <div data-colibri-component=\"section\" data-colibri-id=\"34-c7\" id=\"about-2\" class=\"h-section h-section-global-spacing d-flex align-items-lg-center align-items-md-center align-items-center style-657 style-local-34-c7 position-relative\">\n    <!---->\n    <!---->\n    <div class=\"h-section-grid-container h-section-boxed-container\">\n      <!---->\n      <div data-colibri-id=\"34-c8\" class=\"h-row-container gutters-row-lg-1 gutters-row-md-1 gutters-row-2 gutters-row-v-lg-1 gutters-row-v-md-1 gutters-row-v-1 style-658 style-local-34-c8 position-relative\">\n        <!---->\n        <div class=\"h-row justify-content-lg-center justify-content-md-center justify-content-center align-items-lg-stretch align-items-md-stretch align-items-stretch gutters-col-lg-1 gutters-col-md-1 gutters-col-2 gutters-col-v-lg-1 gutters-col-v-md-1 gutters-col-v-1\">\n          <!---->\n          <div class=\"h-column h-column-container d-flex h-col-lg-auto h-col-md-auto h-col-auto style-659-outer style-local-34-c9-outer\">\n            <div data-colibri-id=\"34-c9\" class=\"d-flex h-flex-basis h-column__inner h-px-lg-0 h-px-md-0 h-px-0 v-inner-lg-0 v-inner-md-0 v-inner-0 style-659 style-local-34-c9 position-relative\">\n              <!---->\n              <!---->\n              <div class=\"w-100 h-y-container h-column__content h-column__v-align flex-basis-100 align-self-lg-center align-self-md-center align-self-center\">\n                <!---->\n                <div data-colibri-id=\"34-c10\" class=\"h-multiple-image style-660 style-local-34-c10 position-relative h-element\">\n                  <!---->\n                  <div class=\"position-relative\">\n                    <div class=\"h-multiple-image-inside-container\">\n                      <div class=\"ratio-inner\">\n                        <div data-colibri-id=\"34-c11\" class=\"d-block style-661 style-local-34-c11 position-relative h-element\">\n                          <!---->\n                          <div class=\"h-image__frame-container-outer\">\n                            <div class=\"h-image__frame-container\">\n                              <!---->\n                              <!---->\n                              <img decoding=\"async\" src=\"https:\/\/physiofordogs.de\/wp-content\/uploads\/2020\/02\/cropped-Marek-Nero-81.jpg\" class=\"style-660-images style-local-34-c10-images wp-image- style-661-image style-local-34-c11-image\">\n                              <div class=\"h-image__frame h-hide-lg h-hide-md h-hide-sm style-661-frameImage style-local-34-c11-frameImage\"><\/div>\n                            <\/div>\n                          <\/div>\n                        <\/div>\n                        <div data-colibri-id=\"34-c12\" class=\"d-block style-662 style-local-34-c12 position-relative h-element\">\n                          <!---->\n                          <div class=\"h-image__frame-container-outer\">\n                            <div class=\"h-image__frame-container\">\n                              <!---->\n                              <!---->\n                              <img decoding=\"async\" src=\"https:\/\/physiofordogs.de\/wp-content\/uploads\/2020\/02\/cropped-Marek-Nero-31.jpg\" class=\"style-660-images style-local-34-c10-images wp-image- style-662-image style-local-34-c12-image\">\n                              <div class=\"h-image__frame h-hide-lg h-hide-md h-hide-sm style-662-frameImage style-local-34-c12-frameImage\"><\/div>\n                            <\/div>\n                          <\/div>\n                        <\/div>\n                        <div data-colibri-id=\"34-c13\" class=\"d-block style-663 style-local-34-c13 position-relative h-element\">\n                          <!---->\n                          <div class=\"h-image__frame-container-outer\">\n                            <div class=\"h-image__frame-container\">\n                              <!---->\n                              <!---->\n                              <img decoding=\"async\" src=\"https:\/\/physiofordogs.de\/wp-content\/uploads\/2020\/02\/cropped-IMG-20191011-WA0005.jpg\" class=\"style-660-images style-local-34-c10-images wp-image- style-663-image style-local-34-c13-image\">\n                              <div class=\"h-image__frame h-hide-lg h-hide-md h-hide-sm style-663-frameImage style-local-34-c13-frameImage\"><\/div>\n                            <\/div>\n                          <\/div>\n                        <\/div>\n                        <div data-colibri-id=\"34-c14\" class=\"d-block style-852 style-local-34-c14 position-relative h-element\">\n                          <!---->\n                          <div class=\"h-image__frame-container-outer\">\n                            <div class=\"h-image__frame-container\">\n                              <!---->\n                              <!---->\n                              <img loading=\"lazy\" decoding=\"async\" width=\"1018\" height=\"755\" src=\"https:\/\/physiofordogs.de\/wp-content\/uploads\/2022\/01\/cropped-IMG-20210620-WA0001-1.jpg\" class=\"style-660-images style-local-34-c10-images wp-image-1523 style-852-image style-local-34-c14-image\" alt=\"\" srcset=\"https:\/\/www.physiofordogs.de\/wp-content\/uploads\/2022\/01\/cropped-IMG-20210620-WA0001-1.jpg 1018w, https:\/\/www.physiofordogs.de\/wp-content\/uploads\/2022\/01\/cropped-IMG-20210620-WA0001-1-300x222.jpg 300w, https:\/\/www.physiofordogs.de\/wp-content\/uploads\/2022\/01\/cropped-IMG-20210620-WA0001-1-768x570.jpg 768w\" sizes=\"auto, (max-width: 1018px) 100vw, 1018px\" \/>\n                              <div class=\"h-image__frame h-hide-lg h-hide-md h-hide-sm style-852-frameImage style-local-34-c14-frameImage\"><\/div>\n                            <\/div>\n                          <\/div>\n                        <\/div>\n                      <\/div>\n                    <\/div>\n                  <\/div>\n                <\/div>\n              <\/div>\n            <\/div>\n          <\/div>\n          <div class=\"h-column h-column-container d-flex h-col-lg-auto h-col-md-auto h-col-auto style-664-outer style-local-34-c15-outer\">\n            <div data-colibri-id=\"34-c15\" class=\"d-flex h-flex-basis h-column__inner h-px-lg-2 h-px-md-2 h-px-2 v-inner-lg-2 v-inner-md-2 v-inner-2 style-664 style-local-34-c15 position-relative\">\n              <!---->\n              <!---->\n              <div class=\"w-100 h-y-container h-column__content h-column__v-align flex-basis-100 align-self-lg-center align-self-md-center align-self-center\">\n                <!---->\n                <div data-colibri-id=\"34-c16\" class=\"h-global-transition-all h-heading style-666 style-local-34-c16 position-relative h-element\">\n                  <!---->\n                  <div class=\"h-heading__outer style-666 style-local-34-c16\">\n                    <!---->\n                    <!---->\n                    <h2 class=\"\">Mein Werdegang<\/h2>\n                  <\/div>\n                <\/div>\n                <div data-colibri-id=\"34-c17\" class=\"h-text h-text-component style-667 style-local-34-c17 position-relative h-element\">\n                  <!---->\n                  <!---->\n                  <div class=\"\">\n                    <p>Ich bin mit Tieren gro\u00df geworden und habe fr\u00fch meine Liebe zu Hunden entdeckt. Durch die Ausbildung meines ersten Hundes \u201eMarek\u201c kam es zu einer M\u00f6glichkeit, mich mehr mit dem Training von Hunden zu befassen. Die Arbeit mit den Mensch-Hunde-Teams\n                      machte mir viel Spa\u00df und ich bildete mich immer weiter fort. Dies f\u00fchrte dazu, dass ich Ende 2018 meine ordnungsbeh\u00f6rdliche Erlaubnis als Hundetrainerin erhielt.*<\/p>\n                    <p>Auch bei der Physiotherapie war es mein Hund \u201eMarek\u201c, der mir die Thematik als erstes n\u00e4her brachte. So durfte ich durch ihn und seine R\u00fcckenproblematik das erste Mal selber einen Hundephysiotherapeuten aufsuchen. Sowohl die Arbeit\n                      an sich als auch die Ergebnisse, die man damit erzielen kann, faszinierten mich. Die Vorstellung, sowohl ihm als auch anderen Hunden gesundheitlich helfen zu k\u00f6nnen, war der Grund f\u00fcr meine Ausbildungen.<\/p>\n                    <p>Die Welt des Hundes ist f\u00fcr mich, insbesondere was die Physiologie, die Anatomie und das Verhalten angeht, spannend und ich freue mich darauf, durch weitere Fortbildungen mein Wissen zu erweitern.<\/p>\n                    <p>*Bei weiteren Fragen zu meiner T\u00e4tigkeit als Trainerin und den von mir besuchten Fortbildungen sprechen Sie mich an.&nbsp;<\/p>\n                  <\/div>\n                <\/div>\n                <div data-colibri-id=\"34-c18\" class=\"h-row-container gutters-row-lg-2 gutters-row-md-2 gutters-row-0 gutters-row-v-lg-2 gutters-row-v-md-2 gutters-row-v-2 style-748 style-local-34-c18 position-relative\">\n                  <!---->\n                  <div class=\"h-row justify-content-lg-center justify-content-md-center justify-content-center align-items-lg-stretch align-items-md-stretch align-items-stretch gutters-col-lg-2 gutters-col-md-2 gutters-col-0 gutters-col-v-lg-2 gutters-col-v-md-2 gutters-col-v-2\">\n                    <!---->\n                    <div class=\"h-column h-column-container d-flex h-col-lg-auto h-col-md-auto h-col-auto style-749-outer style-local-34-c19-outer\">\n                      <div data-colibri-id=\"34-c19\" class=\"d-flex h-flex-basis h-column__inner h-px-lg-2 h-px-md-2 h-px-2 v-inner-lg-2 v-inner-md-2 v-inner-2 style-749 style-local-34-c19 position-relative\">\n                        <!---->\n                        <!---->\n                        <div class=\"w-100 h-y-container h-column__content h-column__v-align flex-basis-100 align-self-lg-start align-self-md-start align-self-start\">\n                          <!---->\n                          <div data-colibri-id=\"34-c20\" class=\"style-751 style-local-34-c20 position-relative h-element\">\n                            <!---->\n                            <div class=\"\">\n                              <a href=\"https:\/\/www.atm.de\/tierphysiotherapie\/tierphysiotherapie-ausbildung\" target=\"_blank\" title=\"ATM Tierphysiotherapie Absolvent - Tierphysiotherapie Ausbildung - ATM Akademie\" rel=\"noopener\">\n                                <img decoding=\"async\" style=\"max-width: 100%;\" title=\"ATM Tierphysiotherapie Absolvent - Tierphysiotherapie Ausbildung - ATM Akademie\" src=\"https:\/\/www.atm.de\/images\/logo\/ATM-Absolvent-Tierphysiotherapie-Ausbildung-ATM-Akademie_v1.png\" alt=\"ATM Tierphysiotherapie Absolvent - Tierphysiotherapie Ausbildung - ATM Akademie\"> <\/a>\n                            <\/div>\n                          <\/div>\n                        <\/div>\n                      <\/div>\n                    <\/div>\n                    <div class=\"h-column h-column-container d-flex h-col-lg-auto h-col-md-auto h-col-auto style-750-outer style-local-34-c21-outer\">\n                      <div data-colibri-id=\"34-c21\" class=\"d-flex h-flex-basis h-column__inner h-px-lg-2 h-px-md-2 h-px-2 v-inner-lg-2 v-inner-md-2 v-inner-2 style-750 style-local-34-c21 position-relative\">\n                        <!---->\n                        <!---->\n                        <div class=\"w-100 h-y-container h-column__content h-column__v-align flex-basis-100 align-self-lg-start align-self-md-start align-self-start\">\n                          <!---->\n                          <div data-colibri-id=\"34-c22\" class=\"style-752 style-local-34-c22 position-relative h-element\">\n                            <!---->\n                            <div class=\"\">\n                              <a href=\"https:\/\/www.atm.de\/studiengang\/ausbildung-tierchiropraktik\" target=\"_blank\" title=\"ATM Tierchiropraktik Absolvent - Tierchiropraktik Ausbildung - ATM Akademie\" rel=\"noopener\">\n                                <img decoding=\"async\" style=\"max-width: 100%;\" title=\"ATM Tierchiropraktik Absolvent - Tierchiropraktik Ausbildung - ATM Akademie\" src=\"https:\/\/www.atm.de\/images\/logo\/ATM-Absolvent-Tierchiropraktik-Ausbildung-ATM-Akademie_v1.png\" alt=\"ATM Tierchiropraktik Absolvent - Tierchiropraktik Ausbildung - ATM Akademie\"> <\/a>\n                            <\/div>\n                          <\/div>\n                        <\/div>\n                      <\/div>\n                    <\/div>\n                  <\/div>\n                <\/div>\n              <\/div>\n            <\/div>\n          <\/div>\n        <\/div>\n      <\/div>\n    <\/div>\n  <\/div>\n<\/div>","protected":false},"excerpt":{"rendered":"<p>\u00dcber mich Mein Name ist Janika Czernia. Seit Ende 2019, nach erfolgreich abgeschlossenen Pr\u00fcfungen, darf ich mich Tierphysiotherapeutin und Chiropraktikerin nennen. Beide Ausbildungen habe ich mit der Spezialisierung Hund an der ATM \u2013 Akademie f\u00fcr Tiernaturheilkunde &#8211; absolviert. Mein Werdegang Ich bin mit Tieren gro\u00df geworden und habe fr\u00fch meine Liebe zu Hunden entdeckt. Durch [&hellip;]<\/p>\n","protected":false},"author":1,"featured_media":0,"parent":0,"menu_order":0,"comment_status":"closed","ping_status":"closed","template":"page-templates\/full-width-page.php","meta":{"footnotes":""},"class_list":["post-34","page","type-page","status-publish","hentry"],"_links":{"self":[{"href":"https:\/\/www.physiofordogs.de\/index.php?rest_route=\/wp\/v2\/pages\/34","targetHints":{"allow":["GET"]}}],"collection":[{"href":"https:\/\/www.physiofordogs.de\/index.php?rest_route=\/wp\/v2\/pages"}],"about":[{"href":"https:\/\/www.physiofordogs.de\/index.php?rest_route=\/wp\/v2\/types\/page"}],"author":[{"embeddable":true,"href":"https:\/\/www.physiofordogs.de\/index.php?rest_route=\/wp\/v2\/users\/1"}],"replies":[{"embeddable":true,"href":"https:\/\/www.physiofordogs.de\/index.php?rest_route=%2Fwp%2Fv2%2Fcomments&post=34"}],"version-history":[{"count":20,"href":"https:\/\/www.physiofordogs.de\/index.php?rest_route=\/wp\/v2\/pages\/34\/revisions"}],"predecessor-version":[{"id":1663,"href":"https:\/\/www.physiofordogs.de\/index.php?rest_route=\/wp\/v2\/pages\/34\/revisions\/1663"}],"wp:attachment":[{"href":"https:\/\/www.physiofordogs.de\/index.php?rest_route=%2Fwp%2Fv2%2Fmedia&parent=34"}],"curies":[{"name":"wp","href":"https:\/\/api.w.org\/{rel}","templated":true}]}}