{"id":38,"date":"2020-01-29T16:18:52","date_gmt":"2020-01-29T15:18:52","guid":{"rendered":"https:\/\/physiofordogs.de\/?page_id=38"},"modified":"2023-04-13T10:00:27","modified_gmt":"2023-04-13T08:00:27","slug":"kontakt","status":"publish","type":"page","link":"https:\/\/www.physiofordogs.de\/?page_id=38","title":{"rendered":"Kontakt"},"content":{"rendered":"<div data-colibri-id=\"38-c1\" class=\"style-636 style-local-38-c1 position-relative\">\n  <!---->\n  <div data-colibri-component=\"section\" data-colibri-id=\"38-c2\" id=\"contact\" class=\"h-section h-section-global-spacing d-flex align-items-lg-center align-items-md-center align-items-center style-637 style-local-38-c2 position-relative\">\n    <div class=\"background-wrapper\">\n      <div class=\"background-layer background-layer-media-container-lg\">\n        <!---->\n        <div class=\"overlay-layer\">\n          <div class=\"overlay-image-layer\" style=\"background-color: rgb(242, 252, 247); opacity: 0.5;\"><\/div>\n        <\/div>\n      <\/div>\n      <div class=\"background-layer background-layer-media-container-md\">\n        <!---->\n        <div class=\"overlay-layer\">\n          <div class=\"overlay-image-layer\" style=\"background-color: rgb(242, 252, 247); opacity: 0.5;\"><\/div>\n        <\/div>\n      <\/div>\n      <div class=\"background-layer background-layer-media-container\">\n        <!---->\n        <div class=\"overlay-layer\">\n          <div class=\"overlay-image-layer\" style=\"background-color: rgb(242, 252, 247); opacity: 0.5;\"><\/div>\n        <\/div>\n      <\/div>\n    <\/div>\n    <!---->\n    <div class=\"h-section-grid-container h-section-fluid-container\">\n      <div data-colibri-id=\"38-c10\" class=\"h-row-container gutters-row-lg-2 gutters-row-md-2 gutters-row-0 gutters-row-v-lg-2 gutters-row-v-md-2 gutters-row-v-2 style-647 style-local-38-c10 position-relative\">\n        <!---->\n        <div class=\"h-row justify-content-lg-center justify-content-md-center justify-content-center align-items-lg-stretch align-items-md-stretch align-items-stretch gutters-col-lg-2 gutters-col-md-2 gutters-col-0 gutters-col-v-lg-2 gutters-col-v-md-2 gutters-col-v-2\">\n          <!---->\n          <div class=\"h-column h-column-container d-flex h-col-lg-auto h-col-md-auto h-col-auto style-648-outer style-local-38-c11-outer\">\n            <div data-colibri-id=\"38-c11\" class=\"d-flex h-flex-basis h-column__inner h-px-lg-2 h-px-md-2 h-px-2 v-inner-lg-2 v-inner-md-2 v-inner-2 style-648 style-local-38-c11 position-relative\">\n              <!---->\n              <!---->\n              <div class=\"w-100 h-y-container h-column__content h-column__v-align flex-basis-100 align-self-lg-start align-self-md-start align-self-start\">\n                <!---->\n                <div data-colibri-id=\"38-c12\" class=\"h-global-transition-all h-heading style-649 style-local-38-c12 position-relative h-element\">\n                  <!---->\n                  <div class=\"h-heading__outer style-649 style-local-38-c12\">\n                    <!---->\n                    <!---->\n                    <h2 class=\"\">Kontaktaufnahme<\/h2>\n                  <\/div>\n                <\/div>\n              <\/div>\n            <\/div>\n          <\/div>\n        <\/div>\n      <\/div>\n      <div data-colibri-id=\"38-c3\" class=\"h-row-container gutters-row-lg-2 gutters-row-md-2 gutters-row-0 gutters-row-v-lg-2 gutters-row-v-md-2 gutters-row-v-2 style-638 style-local-38-c3 position-relative\">\n        <!---->\n        <div class=\"h-row justify-content-lg-center justify-content-md-center justify-content-center align-items-lg-stretch align-items-md-stretch align-items-stretch gutters-col-lg-2 gutters-col-md-2 gutters-col-0 gutters-col-v-lg-2 gutters-col-v-md-2 gutters-col-v-2\">\n          <!---->\n          <div class=\"h-column h-column-container d-flex h-col-lg-auto h-col-md-auto h-col-auto style-639-outer style-local-38-c4-outer\">\n            <div data-colibri-id=\"38-c4\" class=\"d-flex h-flex-basis h-column__inner h-px-lg-0 h-px-md-0 h-px-0 v-inner-lg-0 v-inner-md-0 v-inner-0 style-639 style-local-38-c4 position-relative\">\n              <!---->\n              <!---->\n              <div class=\"w-100 h-y-container h-column__content h-column__v-align flex-basis-100 align-self-lg-start align-self-md-start align-self-start\">\n                <!---->\n                <div data-colibri-id=\"38-c5\" class=\"h-text h-text-component style-650 style-local-38-c5 position-relative h-element\">\n                  <!---->\n                  <!---->\n                  <div class=\"\">\n                    <p>Haben Sie Fragen oder m\u00f6chten Sie einen Termin vereinbaren?<\/p>\n                    <p>Rufen Sie an oder melden Sie sich direkt \u00fcber WhatsApp bei mir.&nbsp;<\/p>\n                    <p>W\u00e4hrend einem Termin bin ich nicht erreichbar &#8211; ich rufe Sie aber gerne, sobald es mir m\u00f6glich ist, zur\u00fcck.<\/p>\n                    <p>Ich freue mich auf Ihre Kontaktaufnahme.<\/p>\n                  <\/div>\n                <\/div>\n                <div data-colibri-id=\"38-c6\" class=\"h-row-container gutters-row-lg-0 gutters-row-md-0 gutters-row-0 gutters-row-v-lg-0 gutters-row-v-md-0 gutters-row-v-0 style-640 style-local-38-c6 position-relative\">\n                  <!---->\n                  <div class=\"h-row justify-content-lg-center justify-content-md-center justify-content-center align-items-lg-stretch align-items-md-stretch align-items-stretch gutters-col-lg-0 gutters-col-md-0 gutters-col-0 gutters-col-v-lg-0 gutters-col-v-md-0 gutters-col-v-0\">\n                    <!---->\n                    <div class=\"h-column h-column-container d-flex h-col-lg-auto h-col-md-auto h-col-auto style-644-outer style-local-38-c7-outer\">\n                      <div data-colibri-id=\"38-c7\" class=\"d-flex h-flex-basis h-column__inner h-px-lg-0 h-px-md-0 h-px-0 v-inner-lg-0 v-inner-md-0 v-inner-0 style-644 style-local-38-c7 position-relative\">\n                        <!---->\n                        <!---->\n                        <div class=\"w-100 h-y-container h-column__content h-column__v-align flex-basis-100 align-self-lg-center align-self-md-center align-self-center\">\n                          <!---->\n                          <div data-colibri-id=\"38-c8\" class=\"h-global-transition-all h-heading style-645 style-local-38-c8 position-relative h-element\">\n                            <!---->\n                            <div class=\"h-heading__outer style-645 style-local-38-c8\">\n                              <!---->\n                              <!---->\n                              <h4 class=\"\"><span style=\"font-size: 90%;\">Janika czernia<br>mobile hundephysiotheapie<\/span><span style=\"font-size: 113%;\"><br><\/span><span style=\"font-size: 75%;\">neersener str.97<br>47877 willich<br>Mail: physiofordogs@t-online.de<br>Telefon: 0163 6919949<\/span><\/h4>\n                            <\/div>\n                          <\/div>\n                          <div data-colibri-id=\"38-c9\" class=\"style-646 style-local-38-c9 position-relative h-element\">\n                            <!---->\n                            <div class=\"d-flex flex-wrap h-social-icons justify-content-lg-center justify-content-md-center justify-content-center\">\n                              <div class=\"social-icon-container d-inline-flex\">\n                                <a href=\"https:\/\/wa.me\/491636919949\" h-use-smooth-scroll=\"true\">\n                                  <div class=\"icon-container h-social-icon h-global-transition\">\n                                    <div class=\"h-icon-svg\" style=\"width: 100%; height: 100%;\">\n                                      <!--Icon by Socicon (http:\/\/www.socicon.com)-->\n                                      <svg version=\"1.1\" xmlns=\"http:\/\/www.w3.org\/2000\/svg\" viewBox=\"0 0 1500 1500\">\n\n                                        <path d=\"M1280.273 216.797c-140.625-140.625-328.125-216.797-527.344-216.797-410.156 0-744.141 333.984-744.141 744.141 0 128.906 35.156 257.813 99.609 372.070l-105.469 383.789 395.508-102.539c108.398 58.594 228.516 90.82 354.492 90.82v0c0 0 0 0 0 0 410.156 0 744.141-333.984 744.141-744.141 0-199.219-76.172-386.719-216.797-527.344zM752.93 1362.305v0c-111.328 0-219.727-29.297-313.477-87.891l-23.438-11.719-234.375 61.523 61.523-228.516-14.648-23.438c-61.523-99.609-93.75-210.938-93.75-328.125 0-342.773 278.32-618.164 618.164-618.164 164.063 0 319.336 64.453 436.523 181.641s181.641 272.461 181.641 436.523c0 339.844-278.32 618.164-618.164 618.164zM1092.773 899.414c-20.508-8.789-111.328-55.664-128.906-61.523-14.648-5.859-29.297-8.789-41.016 8.789-11.719 20.508-46.875 61.523-58.594 73.242s-20.508 14.648-41.016 5.859c-17.578-8.789-76.172-29.297-149.414-93.75-52.734-46.875-90.82-108.398-102.539-128.906-11.719-17.578 0-26.367 8.789-38.086 8.789-5.859 17.578-20.508 26.367-32.227 11.719-8.789 14.648-17.578 20.508-29.297s2.93-23.438-2.93-32.227c-2.93-8.789-41.016-102.539-55.664-137.695-17.578-38.086-32.227-32.227-43.945-32.227-8.789 0-23.438 0-35.156 0s-32.227 2.93-49.805 20.508c-17.578 20.508-64.453 64.453-64.453 155.273 0 93.75 67.383 181.641 76.172 193.359s131.836 199.219 316.406 281.25c43.945 17.578 79.102 29.297 105.469 38.086 46.875 14.648 84.961 11.719 117.188 8.789 38.086-5.859 111.328-46.875 125.977-90.82 17.578-41.016 17.578-79.102 11.719-87.891-5.859-5.859-17.578-11.719-35.156-20.508z\"><\/path>\n                                      <\/svg>\n                                    <\/div>\n                                  <\/div>\n                                <\/a>\n                              <\/div>\n                              <div class=\"social-icon-container d-inline-flex\">\n                                <a href=\"https:\/\/www.google.com\/search?q=physio+for+dogs+willich&amp;oq=physio+for+dogs+willich&amp;aqs=chrome..69i57.8568j0j9&amp;client=ms-android-samsung&amp;sourceid=chrome-mobile&amp;ie=UTF-8#trex=m_t:lcl_akp,rc_f:,rc_ludocids:1980961331179045526,rc_q:Physio%2520for%2520Dogs%2520-mobile%2520Physiotherapie%2520%2526%2520Chiropraktik%2520f%25C3%25BCr%2520Hunde,ru_q:Physio%2520for%2520Dogs%2520-mobile%2520Physiotherapie%2520%2526%2520Chiropraktik%2520f%25C3%25BCr%2520Hunde\"\n                                  h-use-smooth-scroll=\"true\">\n                                  <div class=\"icon-container h-social-icon h-global-transition\">\n                                    <div class=\"h-icon-svg\" style=\"width: 100%; height: 100%;\">\n                                      <!--Icon by Socicon (http:\/\/www.socicon.com)-->\n                                      <svg version=\"1.1\" xmlns=\"http:\/\/www.w3.org\/2000\/svg\" viewBox=\"0 0 1500 1500\">\n\n                                        <path d=\"M1482.422 700.195c-2.93-29.297-5.859-61.523-11.719-90.82-234.375 0-471.68 0-706.055 0 0 96.68 0 196.289 0 292.969 0 0 0 0 0 0s0 0 0 0c137.695 0 272.461 0 410.156 0-17.578 93.75-73.242 178.711-152.344 231.445 0 0 0 0 0 0-49.805 32.227-105.469 55.664-164.063 64.453-58.594 11.719-120.117 11.719-178.711 0-61.523-11.719-117.188-38.086-166.992-73.242-73.242-49.805-131.836-125.977-164.063-208.008-2.93-5.859-5.859-14.648-8.789-20.508 0 0 0 0 0 0s0 0 2.93 0c-32.227-93.75-32.227-199.219-2.93-292.969 23.438-64.453 61.523-125.977 111.328-175.781 58.594-61.523 137.695-105.469 222.656-125.977 73.242-14.648 149.414-11.719 219.727 8.789 61.523 20.508 117.188 52.734 161.133 96.68 46.875-46.875 93.75-90.82 137.695-137.695 26.367-23.438 49.805-49.805 73.242-73.242 0 0 0 0 0 0s0 0 0 0c-70.313-67.383-152.344-117.188-240.234-149.414-161.133-61.523-342.773-61.523-503.906-5.859-184.57 61.523-339.844 199.219-427.734 372.070-29.297 58.594-49.805 123.047-64.453 187.5-32.227 164.063-8.789 336.914 64.453 486.328 49.805 96.68 120.117 181.641 205.078 249.023 79.102 64.453 172.852 111.328 272.461 137.695 125.977 35.156 257.813 35.156 383.789 5.859 114.258-26.367 219.727-82.031 307.617-161.133 90.82-82.031 155.273-193.359 190.43-310.547 26.367-99.609 38.086-202.148 29.297-307.617z\"><\/path>\n                                      <\/svg>\n                                    <\/div>\n                                  <\/div>\n                                <\/a>\n                              <\/div>\n                            <\/div>\n                          <\/div>\n                        <\/div>\n                      <\/div>\n                    <\/div>\n                  <\/div>\n                <\/div>\n              <\/div>\n            <\/div>\n          <\/div>\n        <\/div>\n      <\/div>\n    <\/div>\n  <\/div>\n<\/div>","protected":false},"excerpt":{"rendered":"<p>Kontaktaufnahme Haben Sie Fragen oder m\u00f6chten Sie einen Termin vereinbaren? Rufen Sie an oder melden Sie sich direkt \u00fcber WhatsApp bei mir.&nbsp; W\u00e4hrend einem Termin bin ich nicht erreichbar &#8211; ich rufe Sie aber gerne, sobald es mir m\u00f6glich ist, zur\u00fcck. Ich freue mich auf Ihre Kontaktaufnahme. Janika czerniamobile hundephysiotheapieneersener str.9747877 willichMail: physiofordogs@t-online.deTelefon: 0163 6919949<\/p>\n","protected":false},"author":1,"featured_media":0,"parent":0,"menu_order":0,"comment_status":"closed","ping_status":"closed","template":"page-templates\/full-width-page.php","meta":{"footnotes":""},"class_list":["post-38","page","type-page","status-publish","hentry"],"_links":{"self":[{"href":"https:\/\/www.physiofordogs.de\/index.php?rest_route=\/wp\/v2\/pages\/38","targetHints":{"allow":["GET"]}}],"collection":[{"href":"https:\/\/www.physiofordogs.de\/index.php?rest_route=\/wp\/v2\/pages"}],"about":[{"href":"https:\/\/www.physiofordogs.de\/index.php?rest_route=\/wp\/v2\/types\/page"}],"author":[{"embeddable":true,"href":"https:\/\/www.physiofordogs.de\/index.php?rest_route=\/wp\/v2\/users\/1"}],"replies":[{"embeddable":true,"href":"https:\/\/www.physiofordogs.de\/index.php?rest_route=%2Fwp%2Fv2%2Fcomments&post=38"}],"version-history":[{"count":20,"href":"https:\/\/www.physiofordogs.de\/index.php?rest_route=\/wp\/v2\/pages\/38\/revisions"}],"predecessor-version":[{"id":1886,"href":"https:\/\/www.physiofordogs.de\/index.php?rest_route=\/wp\/v2\/pages\/38\/revisions\/1886"}],"wp:attachment":[{"href":"https:\/\/www.physiofordogs.de\/index.php?rest_route=%2Fwp%2Fv2%2Fmedia&parent=38"}],"curies":[{"name":"wp","href":"https:\/\/api.w.org\/{rel}","templated":true}]}}