{"id":53,"date":"2020-01-30T14:13:37","date_gmt":"2020-01-30T13:13:37","guid":{"rendered":"https:\/\/physiofordogs.de\/?page_id=53"},"modified":"2020-02-23T21:41:56","modified_gmt":"2020-02-23T20:41:56","slug":"therapieangebot","status":"publish","type":"page","link":"https:\/\/www.physiofordogs.de\/?page_id=53","title":{"rendered":"Therapieangebot"},"content":{"rendered":"<div data-colibri-id=\"53-c1\" class=\"style-445 style-local-53-c1 position-relative\">\n  <!---->\n  <div data-colibri-component=\"section\" data-colibri-id=\"53-c2\" id=\"about\" class=\"h-section h-section-global-spacing d-flex align-items-lg-center align-items-md-center align-items-end style-670 style-local-53-c2 h-overflow-hidden position-relative\">\n    <div class=\"background-wrapper\">\n      <div class=\"background-layer background-layer-media-container-lg\">\n        <!---->\n        <div class=\"overlay-layer\">\n          <div class=\"overlay-image-layer\" style=\"background-image: linear-gradient(90deg, rgb(255, 255, 255) 55%, rgba(255, 255, 255, 0.498039) 100%);\"><\/div>\n          <div class=\"shape-layer\" style=\"background-image: url(&quot;https:\/\/physiofordogs.de\/?page_id=53&amp;customize_changeset_uuid=c5d6002e-7f3b-436d-b415-920d90aa1d71&amp;customize_theme=colibri-wp&amp;customize_messenger_channel=preview-0&quot;); background-size: cover; filter: invert(0%); background-position: center center; background-repeat: no-repeat no-repeat;\"><\/div>\n        <\/div>\n      <\/div>\n      <div class=\"background-layer background-layer-media-container-md\">\n        <!---->\n        <div class=\"overlay-layer\">\n          <div class=\"overlay-image-layer\" style=\"background-image: linear-gradient(90deg, rgb(255, 255, 255) 55%, rgba(255, 255, 255, 0.498039) 100%);\"><\/div>\n          <div class=\"shape-layer\" style=\"background-image: url(&quot;https:\/\/physiofordogs.de\/?page_id=53&amp;customize_changeset_uuid=c5d6002e-7f3b-436d-b415-920d90aa1d71&amp;customize_theme=colibri-wp&amp;customize_messenger_channel=preview-0&quot;); background-size: cover; filter: invert(0%); background-position: center center; background-repeat: no-repeat no-repeat;\"><\/div>\n        <\/div>\n      <\/div>\n      <div class=\"background-layer background-layer-media-container\">\n        <!---->\n        <div class=\"overlay-layer\">\n          <div class=\"overlay-image-layer\" style=\"background-image: linear-gradient(90deg, rgb(255, 255, 255) 55%, rgba(255, 255, 255, 0.498039) 100%);\"><\/div>\n          <div class=\"shape-layer\" style=\"background-image: url(&quot;https:\/\/physiofordogs.de\/?page_id=53&amp;customize_changeset_uuid=c5d6002e-7f3b-436d-b415-920d90aa1d71&amp;customize_theme=colibri-wp&amp;customize_messenger_channel=preview-0&quot;); background-size: cover; filter: invert(0%); background-position: center center; background-repeat: no-repeat no-repeat;\"><\/div>\n        <\/div>\n      <\/div>\n    <\/div>\n    <!---->\n    <div class=\"h-section-grid-container h-section-boxed-container\">\n      <!---->\n      <div data-colibri-id=\"53-c3\" class=\"h-row-container gutters-row-lg-0 gutters-row-md-0 gutters-row-2 gutters-row-v-lg-0 gutters-row-v-md-0 gutters-row-v-0 style-671 style-local-53-c3 position-relative\">\n        <!---->\n        <div class=\"h-row justify-content-lg-start justify-content-md-start justify-content-center align-items-lg-stretch align-items-md-stretch align-items-stretch gutters-col-lg-0 gutters-col-md-0 gutters-col-2 gutters-col-v-lg-0 gutters-col-v-md-0 gutters-col-v-0\">\n          <!---->\n          <div class=\"h-column h-column-container d-flex h-col-lg-auto h-col-md-auto h-col-auto style-672-outer style-local-53-c4-outer\">\n            <div data-colibri-id=\"53-c4\" class=\"d-flex h-flex-basis h-column__inner h-px-lg-2 h-px-md-2 h-px-0 v-inner-lg-2 v-inner-md-2 v-inner-0 style-672 style-local-53-c4 position-relative\">\n              <!---->\n              <!---->\n              <div class=\"w-100 h-y-container h-column__content h-column__v-align flex-basis-100 align-self-lg-end align-self-md-end align-self-end\">\n                <!---->\n                <div data-colibri-id=\"53-c5\" class=\"h-global-transition-all h-heading style-673 style-local-53-c5 position-relative h-element\">\n                  <!---->\n                  <!---->\n                  <h2 class=\"\">Therapieangebot<\/h2>\n                <\/div>\n                <div data-colibri-id=\"53-c6\" class=\"h-text h-text-component style-674 style-local-53-c6 position-relative h-element\">\n                  <!---->\n                  <!---->\n                  <div class=\"\">\n                    <p>Verschiedene Diagnosen und Krankheitsbilder erfordern unterschiedliche Therapien. Hier finden Sie Informationen zu meinem Therapieangebot der Physiotherapie und Chiropraktik.<\/p>\n                  <\/div>\n                <\/div>\n              <\/div>\n            <\/div>\n          <\/div>\n        <\/div>\n      <\/div>\n    <\/div>\n  <\/div>\n  <div data-colibri-component=\"section\" data-colibri-id=\"53-c7\" id=\"features\" class=\"h-section h-section-global-spacing d-flex align-items-lg-center align-items-md-center align-items-center style-675 style-local-53-c7 position-relative\">\n    <!---->\n    <!---->\n    <div class=\"h-section-grid-container h-section-boxed-container\">\n      <!---->\n      <div data-colibri-id=\"53-c8\" class=\"h-row-container gutters-row-lg-2 gutters-row-md-0 gutters-row-2 gutters-row-v-lg-2 gutters-row-v-md-0 gutters-row-v-2 style-676 style-local-53-c8 position-relative\">\n        <!---->\n        <div class=\"h-row justify-content-lg-center justify-content-md-center justify-content-center align-items-lg-stretch align-items-md-stretch align-items-stretch gutters-col-lg-2 gutters-col-md-0 gutters-col-2 gutters-col-v-lg-2 gutters-col-v-md-0 gutters-col-v-2\">\n          <!---->\n          <div class=\"h-column h-column-container d-flex h-col-lg-auto h-col-md-auto h-col-auto style-677-outer style-local-53-c9-outer\">\n            <div data-colibri-id=\"53-c9\" class=\"d-flex h-flex-basis h-column__inner h-px-lg-0 h-px-md-0 h-px-0 v-inner-lg-0 v-inner-md-0 v-inner-0 style-677 style-local-53-c9 position-relative\">\n              <!---->\n              <!---->\n              <div class=\"w-100 h-y-container h-column__content h-column__v-align flex-basis-100 align-self-lg-start align-self-md-start align-self-start\">\n                <!---->\n                <div data-colibri-id=\"53-c10\" class=\"h-row-container gutters-row-lg-2 gutters-row-md-2 gutters-row-2 gutters-row-v-lg-0 gutters-row-v-md-0 gutters-row-v-2 style-678 style-local-53-c10 position-relative\">\n                  <!---->\n                  <div class=\"h-row justify-content-lg-center justify-content-md-center justify-content-center align-items-lg-stretch align-items-md-stretch align-items-stretch gutters-col-lg-2 gutters-col-md-2 gutters-col-2 gutters-col-v-lg-0 gutters-col-v-md-0 gutters-col-v-2\">\n                    <!---->\n                    <div class=\"h-column h-column-container d-flex h-col-lg-12 h-col-md-12 h-col-12 style-679-outer style-local-53-c11-outer\">\n                      <div data-colibri-id=\"53-c11\" class=\"d-flex h-flex-basis h-column__inner h-px-lg-2 h-px-md-2 h-px-0 v-inner-lg-2 v-inner-md-2 v-inner-0 style-679 style-local-53-c11 position-relative\">\n                        <!---->\n                        <!---->\n                        <div class=\"w-100 h-y-container h-column__content h-column__v-align flex-basis-100 align-self-lg-center align-self-md-center align-self-center\">\n                          <!---->\n                          <div data-colibri-id=\"53-c12\" class=\"h-global-transition-all h-heading style-681 style-local-53-c12 position-relative h-element\">\n                            <!---->\n                            <!---->\n                            <h4 class=\"\">Physiotherapie<\/h4>\n                          <\/div>\n                          <div data-colibri-id=\"53-c13\" class=\"h-text h-text-component style-682 style-local-53-c13 position-relative h-element\">\n                            <!---->\n                            <!---->\n                            <div class=\"\">\n                              <p>Wie auch in der Physiotherapie beim Menschen ist die postoperative begleitende Behandlung ein gro\u00dfes Feld der Physiotherapie f\u00fcr den Hund. Doch auch pr\u00e4ventiv, also um sp\u00e4teren Problematiken am Bewegungsapparat vorzubeugen,\n                                kann eine Therapie f\u00fcr Ihren Hund sinnvoll sein. Erfahren Sie hier mehr zu meinen Leistungen<\/p>\n                            <\/div>\n                          <\/div>\n                          <div data-colibri-id=\"53-c14\" class=\"h-x-container style-688 style-local-53-c14 position-relative h-element\">\n                            <!---->\n                            <div class=\"h-x-container-inner style-dynamic-53-c14-group style-688-spacing style-local-53-c14-spacing\"><span class=\"h-button__outer style-689-outer style-local-53-c15-outer d-inline-flex h-element\"><a h-use-smooth-scroll=\"true\" href=\"https:\/\/physiofordogs.de\/?page_id=54\"  data-colibri-id=\"53-c15\" class=\"d-flex w-100 align-items-center h-button justify-content-lg-center justify-content-md-center justify-content-center style-689 style-local-53-c15 position-relative\"><!----><!----> <span>mehr erfahren<\/span><\/a>\n                              <\/span>\n                            <\/div>\n                          <\/div>\n                        <\/div>\n                      <\/div>\n                    <\/div>\n                  <\/div>\n                <\/div>\n              <\/div>\n            <\/div>\n          <\/div>\n          <div class=\"h-column h-column-container d-flex h-col-lg-auto h-col-md-auto h-col-auto style-683-outer style-local-53-c16-outer\">\n            <div data-colibri-id=\"53-c16\" class=\"d-flex h-flex-basis h-column__inner h-px-lg-0 h-px-md-0 h-px-0 v-inner-lg-0 v-inner-md-0 v-inner-0 style-683 style-local-53-c16 position-relative\">\n              <!---->\n              <!---->\n              <div class=\"w-100 h-y-container h-column__content h-column__v-align flex-basis-100 align-self-lg-center align-self-md-center align-self-center\">\n                <!---->\n                <div data-colibri-id=\"53-c17\" class=\"d-block style-684 style-local-53-c17 position-relative h-element\">\n                  <!---->\n                  <div class=\"h-image__frame-container-outer\">\n                    <div class=\"h-image__frame-container\">\n                      <!---->\n                      <!---->\n                      <img loading=\"lazy\" decoding=\"async\" width=\"1200\" height=\"1600\" src=\"https:\/\/physiofordogs.de\/wp-content\/uploads\/2020\/02\/cropped-IMG-20191029-WA0033.jpg\" class=\"wp-image-679 style-684-image style-local-53-c17-image\" alt=\"\" srcset=\"https:\/\/www.physiofordogs.de\/wp-content\/uploads\/2020\/02\/cropped-IMG-20191029-WA0033.jpg 1200w, https:\/\/www.physiofordogs.de\/wp-content\/uploads\/2020\/02\/cropped-IMG-20191029-WA0033-225x300.jpg 225w, https:\/\/www.physiofordogs.de\/wp-content\/uploads\/2020\/02\/cropped-IMG-20191029-WA0033-768x1024.jpg 768w, https:\/\/www.physiofordogs.de\/wp-content\/uploads\/2020\/02\/cropped-IMG-20191029-WA0033-1152x1536.jpg 1152w\" sizes=\"auto, (max-width: 1200px) 100vw, 1200px\" \/>\n                      <div class=\"h-image__frame h-hide-lg h-hide-md h-hide-sm style-684-frameImage style-local-53-c17-frameImage\"><\/div>\n                    <\/div>\n                  <\/div>\n                <\/div>\n              <\/div>\n            <\/div>\n          <\/div>\n          <div class=\"h-column h-column-container d-flex h-col-lg-auto h-col-md-auto h-col-auto style-677-outer style-local-53-c18-outer\">\n            <div data-colibri-id=\"53-c18\" class=\"d-flex h-flex-basis h-column__inner h-px-lg-0 h-px-md-0 h-px-0 v-inner-lg-0 v-inner-md-0 v-inner-0 style-677 style-local-53-c18 position-relative\">\n              <!---->\n              <!---->\n              <div class=\"w-100 h-y-container h-column__content h-column__v-align flex-basis-100 align-self-lg-start align-self-md-start align-self-start\">\n                <!---->\n                <div data-colibri-id=\"53-c19\" class=\"h-row-container gutters-row-lg-2 gutters-row-md-2 gutters-row-2 gutters-row-v-lg-0 gutters-row-v-md-0 gutters-row-v-2 style-678 style-local-53-c19 position-relative\">\n                  <!---->\n                  <div class=\"h-row justify-content-lg-center justify-content-md-center justify-content-center align-items-lg-stretch align-items-md-stretch align-items-stretch gutters-col-lg-2 gutters-col-md-2 gutters-col-2 gutters-col-v-lg-0 gutters-col-v-md-0 gutters-col-v-2\">\n                    <!---->\n                    <div class=\"h-column h-column-container d-flex h-col-lg-12 h-col-md-12 h-col-12 style-685-outer style-local-53-c20-outer\">\n                      <div data-colibri-id=\"53-c20\" class=\"d-flex h-flex-basis h-column__inner h-px-lg-2 h-px-md-2 h-px-2 v-inner-lg-2 v-inner-md-2 v-inner-2 style-685 style-local-53-c20 position-relative\">\n                        <!---->\n                        <!---->\n                        <div class=\"w-100 h-y-container h-column__content h-column__v-align flex-basis-100 align-self-lg-start align-self-md-start align-self-start\">\n                          <!---->\n                          <div data-colibri-id=\"53-c21\" class=\"h-global-transition-all h-heading style-681 style-local-53-c21 position-relative h-element\">\n                            <!---->\n                            <!---->\n                            <h4 class=\"\">chiropraktik<\/h4>\n                          <\/div>\n                          <div data-colibri-id=\"53-c22\" class=\"h-text h-text-component style-682 style-local-53-c22 position-relative h-element\">\n                            <!---->\n                            <!---->\n                            <div class=\"\">\n                              <p>Es handelt sich bei der chiropraktischen Behandlung um eine Behandlungsmethode, die auf erkannte Funktionsst\u00f6rungen im Bewegungsapparat eingeht. Das Ziel der Chiropraktik ist das Gleichgewicht im K\u00f6rper des Hundes, sodass\n                                die einzelnen K\u00f6rperstrukturen harmonisch zusammenarbeiten und eine gute Mobilit\u00e4t erlauben.<\/p>\n                            <\/div>\n                          <\/div>\n                          <div data-colibri-id=\"53-c23\" class=\"h-x-container style-686 style-local-53-c23 position-relative h-element\">\n                            <!---->\n                            <div class=\"h-x-container-inner style-dynamic-53-c23-group style-686-spacing style-local-53-c23-spacing\"><span class=\"h-button__outer style-687-outer style-local-53-c24-outer d-inline-flex h-element\"><a h-use-smooth-scroll=\"true\" href=\"https:\/\/physiofordogs.de\/?page_id=55\"  data-colibri-id=\"53-c24\" class=\"d-flex w-100 align-items-center h-button justify-content-lg-center justify-content-md-center justify-content-center style-687 style-local-53-c24 position-relative\"><!----><!----> <span>mehr erfahren<\/span><\/a>\n                              <\/span>\n                            <\/div>\n                          <\/div>\n                        <\/div>\n                      <\/div>\n                    <\/div>\n                  <\/div>\n                <\/div>\n              <\/div>\n            <\/div>\n          <\/div>\n        <\/div>\n      <\/div>\n    <\/div>\n  <\/div>\n<\/div>","protected":false},"excerpt":{"rendered":"<p>Therapieangebot Verschiedene Diagnosen und Krankheitsbilder erfordern unterschiedliche Therapien. Hier finden Sie Informationen zu meinem Therapieangebot der Physiotherapie und Chiropraktik. Physiotherapie Wie auch in der Physiotherapie beim Menschen ist die postoperative begleitende Behandlung ein gro\u00dfes Feld der Physiotherapie f\u00fcr den Hund. Doch auch pr\u00e4ventiv, also um sp\u00e4teren Problematiken am Bewegungsapparat vorzubeugen, kann eine Therapie f\u00fcr Ihren [&hellip;]<\/p>\n","protected":false},"author":1,"featured_media":0,"parent":0,"menu_order":0,"comment_status":"closed","ping_status":"closed","template":"page-templates\/full-width-page.php","meta":{"footnotes":""},"class_list":["post-53","page","type-page","status-publish","hentry"],"_links":{"self":[{"href":"https:\/\/www.physiofordogs.de\/index.php?rest_route=\/wp\/v2\/pages\/53","targetHints":{"allow":["GET"]}}],"collection":[{"href":"https:\/\/www.physiofordogs.de\/index.php?rest_route=\/wp\/v2\/pages"}],"about":[{"href":"https:\/\/www.physiofordogs.de\/index.php?rest_route=\/wp\/v2\/types\/page"}],"author":[{"embeddable":true,"href":"https:\/\/www.physiofordogs.de\/index.php?rest_route=\/wp\/v2\/users\/1"}],"replies":[{"embeddable":true,"href":"https:\/\/www.physiofordogs.de\/index.php?rest_route=%2Fwp%2Fv2%2Fcomments&post=53"}],"version-history":[{"count":14,"href":"https:\/\/www.physiofordogs.de\/index.php?rest_route=\/wp\/v2\/pages\/53\/revisions"}],"predecessor-version":[{"id":947,"href":"https:\/\/www.physiofordogs.de\/index.php?rest_route=\/wp\/v2\/pages\/53\/revisions\/947"}],"wp:attachment":[{"href":"https:\/\/www.physiofordogs.de\/index.php?rest_route=%2Fwp%2Fv2%2Fmedia&parent=53"}],"curies":[{"name":"wp","href":"https:\/\/api.w.org\/{rel}","templated":true}]}}