{"id":55,"date":"2020-01-30T14:13:37","date_gmt":"2020-01-30T13:13:37","guid":{"rendered":"https:\/\/physiofordogs.de\/?page_id=55"},"modified":"2020-02-21T15:10:44","modified_gmt":"2020-02-21T14:10:44","slug":"chiropraktiker","status":"publish","type":"page","link":"https:\/\/www.physiofordogs.de\/?page_id=55","title":{"rendered":"Chiropraktiker"},"content":{"rendered":"<div data-colibri-id=\"55-c1\" class=\"style-506 style-local-55-c1 position-relative\">\n  <!---->\n  <div data-colibri-component=\"section\" data-colibri-id=\"55-c2\" id=\"content\" class=\"h-section h-section-global-spacing d-flex align-items-lg-center align-items-md-center align-items-center style-507 style-local-55-c2 position-relative\">\n    <!---->\n    <!---->\n    <div class=\"h-section-grid-container h-section-boxed-container\">\n      <div data-colibri-id=\"55-c15\" class=\"h-row-container gutters-row-lg-2 gutters-row-md-2 gutters-row-0 gutters-row-v-lg-2 gutters-row-v-md-2 gutters-row-v-2 style-694 style-local-55-c15 position-relative\">\n        <!---->\n        <div class=\"h-row justify-content-lg-center justify-content-md-center justify-content-center align-items-lg-stretch align-items-md-stretch align-items-stretch gutters-col-lg-2 gutters-col-md-2 gutters-col-0 gutters-col-v-lg-2 gutters-col-v-md-2 gutters-col-v-2\">\n          <!---->\n          <div class=\"h-column h-column-container d-flex h-col-lg-auto h-col-md-auto h-col-auto style-695-outer style-local-55-c16-outer\">\n            <div data-colibri-id=\"55-c16\" class=\"d-flex h-flex-basis h-column__inner h-px-lg-2 h-px-md-2 h-px-2 v-inner-lg-2 v-inner-md-2 v-inner-2 style-695 style-local-55-c16 position-relative\">\n              <!---->\n              <!---->\n              <div class=\"w-100 h-y-container h-column__content h-column__v-align flex-basis-100 align-self-lg-start align-self-md-start align-self-start\">\n                <!---->\n                <div data-colibri-id=\"55-c17\" class=\"h-global-transition-all h-heading style-696 style-local-55-c17 position-relative h-element\">\n                  <!---->\n                  <!---->\n                  <h2 class=\"\">CHIROPRAKTIK<\/h2>\n                <\/div>\n              <\/div>\n            <\/div>\n          <\/div>\n        <\/div>\n      <\/div>\n      <div data-colibri-id=\"55-c3\" class=\"h-row-container gutters-row-lg-2 gutters-row-md-2 gutters-row-2 gutters-row-v-lg-2 gutters-row-v-md-2 gutters-row-v-2 style-508 style-local-55-c3 position-relative\">\n        <!---->\n        <div class=\"h-row justify-content-lg-center justify-content-md-center justify-content-center align-items-lg-center align-items-md-center align-items-center gutters-col-lg-2 gutters-col-md-2 gutters-col-2 gutters-col-v-lg-2 gutters-col-v-md-2 gutters-col-v-2\">\n          <!---->\n          <div class=\"h-column h-column-container d-flex h-col-lg-auto h-col-md-auto h-col-auto align-self-lg-center align-self-md-center align-self-center style-509-outer style-local-55-c4-outer\">\n            <div data-colibri-id=\"55-c4\" class=\"d-flex h-flex-basis h-column__inner h-px-lg-2 h-px-md-2 h-px-0 v-inner-lg-0 v-inner-md-2 v-inner-0 style-509 style-local-55-c4 position-relative\">\n              <!---->\n              <!---->\n              <div class=\"w-100 h-y-container h-column__content h-column__v-align flex-basis-100 align-self-lg-center align-self-md-center align-self-center\">\n                <!---->\n                <div data-colibri-id=\"55-c5\" class=\"h-global-transition-all h-heading style-510 style-local-55-c5 position-relative h-element\">\n                  <!---->\n                  <!---->\n                  <h3 class=\"\">WAS IST CHIROPRAKTIK?<\/h3>\n                <\/div>\n                <div data-colibri-id=\"55-c6\" class=\"h-lead h-text h-text-component style-511 style-local-55-c6 position-relative h-element\">\n                  <!---->\n                  <!---->\n                  <div class=\"\">\n                    <p>Es handelt sich bei der chiropraktischen Behandlung um eine Behandlungsmethode, die auf erkannte Funktionsst\u00f6rungen im Bewegungsapparat eingeht. Diese \u00e4u\u00dfern sich z.B. als Bewegungseinschr\u00e4nkungen und Blockaden der einzelnen Gelenke.<\/p>\n                  <\/div>\n                <\/div>\n              <\/div>\n            <\/div>\n          <\/div>\n          <div class=\"h-column h-column-container d-flex h-col-lg-auto h-col-md-auto h-col-auto align-self-lg-center align-self-md-center align-self-center style-512-outer style-local-55-c7-outer\">\n            <div data-colibri-id=\"55-c7\" class=\"d-flex h-flex-basis h-column__inner h-px-lg-0 h-px-md-0 h-px-0 v-inner-lg-0 v-inner-md-0 v-inner-0 style-512 style-local-55-c7 position-relative\">\n              <!---->\n              <!---->\n              <div class=\"w-100 h-y-container h-column__content h-column__v-align flex-basis-100 align-self-lg-center align-self-md-center align-self-center\">\n                <!---->\n                <div data-colibri-id=\"55-c8\" class=\"h-row-container gutters-row-lg-2 gutters-row-md-2 gutters-row-2 gutters-row-v-lg-2 gutters-row-v-md-2 gutters-row-v-2 style-513 style-local-55-c8 position-relative\">\n                  <!---->\n                  <div class=\"h-row justify-content-lg-center justify-content-md-center justify-content-center align-items-lg-stretch align-items-md-stretch align-items-stretch gutters-col-lg-2 gutters-col-md-2 gutters-col-2 gutters-col-v-lg-2 gutters-col-v-md-2 gutters-col-v-2\">\n                    <!---->\n                    <div class=\"h-column h-column-container d-flex h-col-lg-auto h-col-md-auto h-col-auto style-515-outer style-local-55-c9-outer\">\n                      <div data-colibri-id=\"55-c9\" class=\"d-flex h-flex-basis h-column__inner h-px-lg-0 h-px-md-0 h-px-0 v-inner-lg-0 v-inner-md-0 v-inner-0 style-515 style-local-55-c9 position-relative\">\n                        <!---->\n                        <!---->\n                        <div class=\"w-100 h-y-container h-column__content h-column__v-align flex-basis-100 align-self-lg-start align-self-md-start align-self-start\">\n                          <!---->\n                          <div data-colibri-id=\"55-c10\" class=\"h-text h-text-component style-517 style-local-55-c10 position-relative h-element\">\n                            <!---->\n                            <!---->\n                            <div class=\"\">\n                              <p>Um das Ziel zu erreichen, wird mit den H\u00e4nden ein gelenknaher Zug oder Druck, auch genannt \u201eThrust\u201c, auf die Bewegungseinheit ausge\u00fcbt. Besondere Aufmerksamkeit der Chiropraktik liegt dabei auf der Wirbels\u00e4ule Ihres Hundes.<\/p>\n                              <p>Da eine Gelenkblockade sehr h\u00e4ufig auch Auswirkungen auf das umliegende Gewebe hat, bietet sich eine Kombination von Physiotherapie und Chiropraktik an. So kann eine Blockade zwischen zwei Wirbeln (vertebraler Subluxationskomplex)\n                                Auswirkungen auf die Muskulatur haben oder auch die Nervenbahnen, die Reizweiterleitung zum oder vom Gehirn, st\u00f6ren.<\/p>\n                            <\/div>\n                          <\/div>\n                        <\/div>\n                      <\/div>\n                    <\/div>\n                  <\/div>\n                <\/div>\n              <\/div>\n            <\/div>\n          <\/div>\n          <div class=\"h-column h-column-container d-flex h-col-lg-auto h-col-md-auto h-col-auto align-self-lg-center align-self-md-center align-self-center style-512-outer style-local-55-c11-outer\">\n            <div data-colibri-id=\"55-c11\" class=\"d-flex h-flex-basis h-column__inner h-px-lg-0 h-px-md-0 h-px-0 v-inner-lg-0 v-inner-md-0 v-inner-0 style-512 style-local-55-c11 position-relative\">\n              <!---->\n              <!---->\n              <div class=\"w-100 h-y-container h-column__content h-column__v-align flex-basis-100 align-self-lg-center align-self-md-center align-self-center\">\n                <!---->\n                <div data-colibri-id=\"55-c12\" class=\"h-row-container gutters-row-lg-2 gutters-row-md-2 gutters-row-2 gutters-row-v-lg-2 gutters-row-v-md-2 gutters-row-v-2 style-518 style-local-55-c12 position-relative\">\n                  <!---->\n                  <div class=\"h-row justify-content-lg-center justify-content-md-center justify-content-center align-items-lg-stretch align-items-md-stretch align-items-stretch gutters-col-lg-2 gutters-col-md-2 gutters-col-2 gutters-col-v-lg-2 gutters-col-v-md-2 gutters-col-v-2\">\n                    <!---->\n                    <div class=\"h-column h-column-container d-flex h-col-lg-auto h-col-md-auto h-col-auto style-519-outer style-local-55-c13-outer\">\n                      <div data-colibri-id=\"55-c13\" class=\"d-flex h-flex-basis h-column__inner h-px-lg-0 h-px-md-0 h-px-0 v-inner-lg-0 v-inner-md-0 v-inner-0 style-519 style-local-55-c13 position-relative\">\n                        <!---->\n                        <!---->\n                        <div class=\"w-100 h-y-container h-column__content h-column__v-align flex-basis-100 align-self-lg-start align-self-md-start align-self-start\">\n                          <!---->\n                          <div data-colibri-id=\"55-c14\" class=\"h-text h-text-component style-517 style-local-55-c14 position-relative h-element\">\n                            <!---->\n                            <!---->\n                            <div class=\"\">\n                              <p>Je l\u00e4nger eine solche Blockade besteht desto st\u00e4rker kann die Muskulatur beeintr\u00e4chtigt sein. Durch die chiropraktische Behandlung wird die Blockade gel\u00f6st und die Wirbel agieren wieder harmonisch miteinander. Die anschlie\u00dfende\n                                Physiotherapeutische Behandlung konzentriert sich auf die Muskeln und soll auch eine erneute Subluxation vorbeugen.&nbsp;<\/p>\n                              <p>Entgegen h\u00e4ufiger Vorurteile wird bei der Chiropraktik nicht mittels eines langen Hebels oder unter Kraft wieder eingerenkt. Es werden gezielte Positionen eingenommen und man arbeitet mit dem K\u00f6rper des Hundes im Einklang.<\/p>\n                            <\/div>\n                          <\/div>\n                        <\/div>\n                      <\/div>\n                    <\/div>\n                  <\/div>\n                <\/div>\n              <\/div>\n            <\/div>\n          <\/div>\n        <\/div>\n      <\/div>\n    <\/div>\n  <\/div>\n<\/div>","protected":false},"excerpt":{"rendered":"<p>CHIROPRAKTIK WAS IST CHIROPRAKTIK? Es handelt sich bei der chiropraktischen Behandlung um eine Behandlungsmethode, die auf erkannte Funktionsst\u00f6rungen im Bewegungsapparat eingeht. Diese \u00e4u\u00dfern sich z.B. als Bewegungseinschr\u00e4nkungen und Blockaden der einzelnen Gelenke. Um das Ziel zu erreichen, wird mit den H\u00e4nden ein gelenknaher Zug oder Druck, auch genannt \u201eThrust\u201c, auf die Bewegungseinheit ausge\u00fcbt. Besondere Aufmerksamkeit [&hellip;]<\/p>\n","protected":false},"author":1,"featured_media":0,"parent":0,"menu_order":0,"comment_status":"closed","ping_status":"closed","template":"page-templates\/full-width-page.php","meta":{"footnotes":""},"class_list":["post-55","page","type-page","status-publish","hentry"],"_links":{"self":[{"href":"https:\/\/www.physiofordogs.de\/index.php?rest_route=\/wp\/v2\/pages\/55","targetHints":{"allow":["GET"]}}],"collection":[{"href":"https:\/\/www.physiofordogs.de\/index.php?rest_route=\/wp\/v2\/pages"}],"about":[{"href":"https:\/\/www.physiofordogs.de\/index.php?rest_route=\/wp\/v2\/types\/page"}],"author":[{"embeddable":true,"href":"https:\/\/www.physiofordogs.de\/index.php?rest_route=\/wp\/v2\/users\/1"}],"replies":[{"embeddable":true,"href":"https:\/\/www.physiofordogs.de\/index.php?rest_route=%2Fwp%2Fv2%2Fcomments&post=55"}],"version-history":[{"count":13,"href":"https:\/\/www.physiofordogs.de\/index.php?rest_route=\/wp\/v2\/pages\/55\/revisions"}],"predecessor-version":[{"id":774,"href":"https:\/\/www.physiofordogs.de\/index.php?rest_route=\/wp\/v2\/pages\/55\/revisions\/774"}],"wp:attachment":[{"href":"https:\/\/www.physiofordogs.de\/index.php?rest_route=%2Fwp%2Fv2%2Fmedia&parent=55"}],"curies":[{"name":"wp","href":"https:\/\/api.w.org\/{rel}","templated":true}]}}